{"id":1436,"date":"2024-07-24T10:42:57","date_gmt":"2024-07-24T08:42:57","guid":{"rendered":"https:\/\/www.marleptank.com\/contact-us\/"},"modified":"2025-01-20T15:06:17","modified_gmt":"2025-01-20T14:06:17","slug":"contact-us","status":"publish","type":"page","link":"https:\/\/www.marleptank.com\/en\/contact-us\/","title":{"rendered":"Contact us"},"content":{"rendered":"<p>[et_pb_section fb_built=&#8221;1&#8243; custom_padding_last_edited=&#8221;on|phone&#8221; _builder_version=&#8221;4.26.1&#8243; _module_preset=&#8221;default&#8221; background_color=&#8221;gcid-4d8d0d9e-93be-4d44-92c5-88192d6b3652&#8243; background_image=&#8221;https:\/\/www.marleptank.com\/wp-content\/uploads\/sites\/6\/2024\/07\/reifenspur_blau-1-e1721219656568.png&#8221; background_size=&#8221;custom&#8221; background_image_width=&#8221;0%&#8221; background_image_height=&#8221;98%&#8221; background_position=&#8221;top_left&#8221; background_enable_video_mp4=&#8221;off&#8221; custom_padding=&#8221;80px||80px||true|false&#8221; custom_padding_tablet=&#8221;60px||60px||true|false&#8221; custom_padding_phone=&#8221;40px||40px||true|false&#8221; background_last_edited=&#8221;on|desktop&#8221; background_image_height_tablet=&#8221;70%&#8221; background_image_height_phone=&#8221;45%&#8221; background_position_tablet=&#8221;top_left&#8221; background_position_phone=&#8221;top_left&#8221; locked=&#8221;off&#8221; global_colors_info=&#8221;{%22gcid-4d8d0d9e-93be-4d44-92c5-88192d6b3652%22:%91%22background_color%22%93}&#8221;][et_pb_row column_structure=&#8221;2_5,3_5&#8243; use_custom_gutter=&#8221;on&#8221; make_equal=&#8221;on&#8221; _builder_version=&#8221;4.26.1&#8243; _module_preset=&#8221;default&#8221; width_tablet=&#8221;90%&#8221; width_phone=&#8221;90%&#8221; width_last_edited=&#8221;on|phone&#8221; max_width=&#8221;90%&#8221; animation_style=&#8221;slide&#8221; animation_direction=&#8221;bottom&#8221; animation_delay=&#8221;500ms&#8221; animation_starting_opacity=&#8221;30%&#8221; global_colors_info=&#8221;{}&#8221;][et_pb_column type=&#8221;2_5&#8243; _builder_version=&#8221;4.25.2&#8243; _module_preset=&#8221;default&#8221; global_colors_info=&#8221;{}&#8221;][et_pb_divider color=&#8221;gcid-primary-color&#8221; divider_weight=&#8221;3px&#8221; _builder_version=&#8221;4.25.2&#8243; _module_preset=&#8221;default&#8221; width=&#8221;50%&#8221; custom_margin=&#8221;||20px||false|false&#8221; animation_direction=&#8221;left&#8221; locked=&#8221;off&#8221; global_colors_info=&#8221;{%22gcid-primary-color%22:%91%22color%22%93}&#8221;][\/et_pb_divider][et_pb_text _builder_version=&#8221;4.27.0&#8243; _module_preset=&#8221;0450f370-3a51-47a7-9142-7aabc116df13&#8243; header_2_line_height=&#8221;1.2em&#8221; custom_margin=&#8221;||20px||false|false&#8221; animation_direction=&#8221;bottom&#8221; global_colors_info=&#8221;{}&#8221;]<\/p>\n<h1>Please get in touch with us.<\/h1>\n<p>[\/et_pb_text][et_pb_text _builder_version=&#8221;4.27.2&#8243; _module_preset=&#8221;0450f370-3a51-47a7-9142-7aabc116df13&#8243; header_5_text_color=&#8221;gcid-4575811d-dc20-4f43-8245-6b99aebbc29e&#8221; header_5_font_size=&#8221;20px&#8221; header_5_line_height=&#8221;1.4em&#8221; header_5_text_color_tablet=&#8221;#FFFFFF&#8221; header_5_text_color_phone=&#8221;#FFFFFF&#8221; header_5_text_color_last_edited=&#8221;on|phone&#8221; global_colors_info=&#8221;{%22gcid-4575811d-dc20-4f43-8245-6b99aebbc29e%22:%91%22header_5_text_color%22,%22header_5_text_color__hover%22%93}&#8221; header_5_font_size__hover_enabled=&#8221;on|hover&#8221; header_5_text_color__hover_enabled=&#8221;on|desktop&#8221; header_5_text_color__hover=&#8221;#ffffff&#8221; header_5_font_size__hover=&#8221;20px&#8221; header_text_color__hover_enabled=&#8221;on|desktop&#8221; header_text_color__hover=&#8221;RGBA(255,255,255,0)&#8221;]<\/p>\n<h3 class=\"footertext\"><strong>Marlep Tanklogistik GmbH<\/strong><\/h3>\n<p class=\"footertext\"><span>J\u00fcrgen-T\u00f6pfer-Stra\u00dfe 44<\/span>, 22763 Hamburg<br \/><i class=\"fa-solid fa-phone\"><\/i><span>Phone: <a href=\"tel:+49%2040%20380%2075%2047%2070\" target=\"_parent\" class=\"external-link\" rel=\"noopener\">+49 40 380 75 47-70<\/a><br \/><\/span><span>Fax: +49 40 380 75 47-99<br \/>E-mail: <\/span><a href=\"mailto:sales@marleptank.com\" data-track-event=\"click\" data-track-action=\"email_link\">sales@marleptank.com<\/a><\/p>\n<p>Click here to go to our subsidiary:<br \/><a href=\"http:\/\/www.marleptrans.pl\/\" target=\"_blank\" rel=\"noopener\">www.marleptrans.pl<\/a><\/p>\n<p>[\/et_pb_text][\/et_pb_column][et_pb_column type=&#8221;3_5&#8243; _builder_version=&#8221;4.26.1&#8243; _module_preset=&#8221;default&#8221; background_color=&#8221;gcid-primary-color&#8221; custom_padding=&#8221;40px|40px|40px|40px|true|true&#8221; custom_padding_tablet=&#8221;40px|40px|40px|40px|true|true&#8221; custom_padding_phone=&#8221;0px|20px|0px|20px|true|true&#8221; custom_padding_last_edited=&#8221;on|desktop&#8221; border_radii=&#8221;on|30px|30px|30px|30px&#8221; global_colors_info=&#8221;{%22gcid-primary-color%22:%91%22background_color%22%93}&#8221;][wpforms_selector form_id=&#8221;229&#8243; show_title=&#8221;off&#8221; show_desc=&#8221;off&#8221; _builder_version=&#8221;4.27.2&#8243; _module_preset=&#8221;default&#8221; width=&#8221;100%&#8221; hover_enabled=&#8221;0&#8243; global_colors_info=&#8221;{}&#8221; custom_padding=&#8221;||0px||false|false&#8221; custom_margin=&#8221;||0px||false|false&#8221; sticky_enabled=&#8221;0&#8243;][\/wpforms_selector][et_pb_text _builder_version=&#8221;4.27.2&#8243; _module_preset=&#8221;0450f370-3a51-47a7-9142-7aabc116df13&#8243; hover_enabled=&#8221;0&#8243; sticky_enabled=&#8221;0&#8243; custom_margin=&#8221;-25px||20px||false|false&#8221; custom_padding=&#8221;0px||||false|false&#8221; custom_margin_last_edited=&#8221;on|desktop&#8221; custom_margin_tablet=&#8221;-25px||20px||false|false&#8221; custom_margin_phone=&#8221;-25px||20px||false|false&#8221;]<\/p>\n<p>You can find out how we process your data in <a href=\"https:\/\/www.marleptank.com\/en\/?page_id=1353\">our privacy policy.<\/a><\/p>\n<p>[\/et_pb_text][\/et_pb_column][\/et_pb_row][\/et_pb_section][et_pb_section fb_built=&#8221;1&#8243; custom_padding_last_edited=&#8221;on|phone&#8221; _builder_version=&#8221;4.26.1&#8243; _module_preset=&#8221;default&#8221; background_color=&#8221;gcid-4d8d0d9e-93be-4d44-92c5-88192d6b3652&#8243; background_image=&#8221;https:\/\/www.marleptank.com\/wp-content\/uploads\/sites\/6\/2024\/06\/marlep_grafika_neu-e1721811218631.webp&#8221; background_size=&#8221;custom&#8221; background_image_height=&#8221;100%&#8221; background_position=&#8221;bottom_right&#8221; background_enable_video_mp4=&#8221;off&#8221; custom_padding=&#8221;80px||200px||false|false&#8221; custom_padding_tablet=&#8221;60px||||false|false&#8221; custom_padding_phone=&#8221;40px||||false|false&#8221; locked=&#8221;off&#8221; global_colors_info=&#8221;{%22gcid-4d8d0d9e-93be-4d44-92c5-88192d6b3652%22:%91%22background_color%22%93}&#8221;][\/et_pb_section]<\/p>\n","protected":false},"excerpt":{"rendered":"<p>Please get in touch with us.Marlep Tanklogistik GmbH J\u00fcrgen-T\u00f6pfer-Stra\u00dfe 44, 22763 HamburgPhone: +49 40 380 75 47-70Fax: +49 40 380 75 47-99E-mail: sales@marleptank.com Click here to go to our subsidiary:www.marleptrans.pl<div class=\"et_pb_module wpforms_selector wpforms_selector_0\">\n\t\t\t\t\n\t\t\t\t\n\t\t\t\t\n\t\t\t\t\n\t\t\t\t\n\t\t\t\t\n\t\t\t\t<div class=\"et_pb_module_inner\">\n\t\t\t\t\t<style id=\"wpforms-css-vars-229\">\n\t\t\t\t#wpforms-229 {\n\t\t\t\t\n\t\t\t}\n\t\t\t<\/style><div class=\"wpforms-container wpforms-container-full wpforms-render-modern\" id=\"wpforms-229\"><form id=\"wpforms-form-229\" class=\"wpforms-validate wpforms-form wpforms-ajax-form\" data-formid=\"229\" method=\"post\" enctype=\"multipart\/form-data\" action=\"\/en\/wp-json\/wp\/v2\/pages\/1436\" data-token=\"66dd59e9a2d8c137ac0359922ec8828d\" data-token-time=\"1776666545\"><noscript class=\"wpforms-error-noscript\">Please enable JavaScript in your browser to complete this form.<\/noscript><div id=\"wpforms-error-noscript\" style=\"display: none;\">Please enable JavaScript in your browser to complete this form.<\/div><div class=\"wpforms-field-container\"><div id=\"wpforms-229-field_0-container\" class=\"wpforms-field wpforms-field-name\" data-field-id=\"0\"><fieldset><legend class=\"wpforms-field-label wpforms-label-hide\" aria-hidden=\"false\">Name <span class=\"wpforms-required-label\" aria-hidden=\"true\">*<\/span><\/legend><div class=\"wpforms-field-row wpforms-field-large\"><div class=\"wpforms-field-row-block wpforms-first wpforms-one-half\"><input type=\"text\" id=\"wpforms-229-field_0\" class=\"wpforms-field-name-first wpforms-field-required\" name=\"wpforms[fields][0][first]\" placeholder=\"Name\" aria-errormessage=\"wpforms-229-field_0-error\" required><label for=\"wpforms-229-field_0\" class=\"wpforms-field-sublabel after wpforms-sublabel-hide\">First name<\/label><\/div><div class=\"wpforms-field-row-block wpforms-one-half\"><input type=\"text\" id=\"wpforms-229-field_0-last\" class=\"wpforms-field-name-last wpforms-field-required\" name=\"wpforms[fields][0][last]\" placeholder=\"Surname\" aria-errormessage=\"wpforms-229-field_0-last-error\" required><label for=\"wpforms-229-field_0-last\" class=\"wpforms-field-sublabel after wpforms-sublabel-hide\">Surname<\/label><\/div><\/div><\/fieldset><\/div><div id=\"wpforms-229-field_8-container\" class=\"wpforms-field wpforms-field-layout\" data-field-id=\"8\"><div class=\"wpforms-field-layout-rows wpforms-field-large\"><div class=\"wpforms-layout-row\"><div class=\"wpforms-layout-column wpforms-layout-column-50\"><div id=\"wpforms-229-field_4-container\" class=\"wpforms-field wpforms-field-phone\" data-field-id=\"4\"><label class=\"wpforms-field-label wpforms-label-hide\" for=\"wpforms-229-field_4\" aria-hidden=\"false\">Phone number <span class=\"wpforms-required-label\" aria-hidden=\"true\">*<\/span><\/label><input type=\"tel\" id=\"wpforms-229-field_4\" class=\"wpforms-field-large wpforms-field-required\" data-rule-int-phone-field=\"true\" name=\"wpforms[fields][4]\" placeholder=\"Phone number\" aria-label=\"Phone number\" aria-errormessage=\"wpforms-229-field_4-error\" required><\/div><\/div><div class=\"wpforms-layout-column wpforms-layout-column-50\"><div id=\"wpforms-229-field_1-container\" class=\"wpforms-field wpforms-field-email\" data-field-id=\"1\"><label class=\"wpforms-field-label wpforms-label-hide\" for=\"wpforms-229-field_1\" aria-hidden=\"false\">E-mail address <span class=\"wpforms-required-label\" aria-hidden=\"true\">*<\/span><\/label><input type=\"email\" id=\"wpforms-229-field_1\" class=\"wpforms-field-large wpforms-field-required\" name=\"wpforms[fields][1]\" placeholder=\"E-mail address\" spellcheck=\"false\" aria-errormessage=\"wpforms-229-field_1-error\" required><\/div><\/div><\/div><\/div><\/div><div id=\"wpforms-229-field_2-container\" class=\"wpforms-field wpforms-field-textarea\" data-field-id=\"2\"><label class=\"wpforms-field-label wpforms-label-hide\" for=\"wpforms-229-field_2\" aria-hidden=\"false\">Comment or message<\/label><textarea id=\"wpforms-229-field_2\" class=\"wpforms-field-medium\" name=\"wpforms[fields][2]\" placeholder=\"Comment or message\" aria-errormessage=\"wpforms-229-field_2-error\" ><\/textarea><\/div><\/div><!-- .wpforms-field-container --><div class=\"wpforms-recaptcha-container wpforms-is-hcaptcha\" ><div class=\"h-captcha\" data-sitekey=\"c93733b6-8fe7-4a15-83e6-ea41bd2220d1\"><\/div><input type=\"text\" name=\"g-recaptcha-hidden\" class=\"wpforms-recaptcha-hidden\" style=\"position:absolute!important;clip:rect(0,0,0,0)!important;height:1px!important;width:1px!important;border:0!important;overflow:hidden!important;padding:0!important;margin:0!important;\" data-rule-hcaptcha=\"1\"><\/div><div class=\"wpforms-submit-container\" ><input type=\"hidden\" name=\"wpforms[id]\" value=\"229\"><input type=\"hidden\" name=\"page_title\" value=\"\"><input type=\"hidden\" name=\"page_url\" value=\"https:\/\/www.marleptank.com\/en\/wp-json\/wp\/v2\/pages\/1436\"><input type=\"hidden\" name=\"url_referer\" value=\"\"><button type=\"submit\" name=\"wpforms[submit]\" id=\"wpforms-submit-229\" class=\"wpforms-submit\" data-alt-text=\"sending ...\" data-submit-text=\"Submit\" aria-live=\"assertive\" value=\"wpforms-submit\">Submit<\/button><img loading=\"lazy\" decoding=\"async\" src=\"https:\/\/www.marleptank.com\/wp-content\/plugins\/wpforms\/assets\/images\/submit-spin.svg\" class=\"wpforms-submit-spinner\" style=\"display: none;\" width=\"26\" height=\"26\" alt=\"Loading\"><\/div><\/form><\/div>  <!-- .wpforms-container -->\n\t\t\t\t<\/div>\n\t\t\t<\/div>You can find out how we process your data in our privacy policy.<\/p>\n","protected":false},"author":2,"featured_media":0,"parent":0,"menu_order":0,"comment_status":"closed","ping_status":"closed","template":"","meta":{"_et_pb_use_builder":"on","_et_pb_old_content":"","_et_gb_content_width":"","footnotes":""},"class_list":["post-1436","page","type-page","status-publish","hentry"],"yoast_head":"<!-- This site is optimized with the Yoast SEO plugin v27.3 - https:\/\/yoast.com\/product\/yoast-seo-wordpress\/ -->\n<title>Contact - Marlep Tanklogistik GmbH<\/title>\n<meta name=\"description\" content=\"Contact us: international transportation of temperature-controlled, liquid raw materials &amp; more \u27a4 Contact us here!\" \/>\n<meta name=\"robots\" content=\"index, follow, max-snippet:-1, max-image-preview:large, max-video-preview:-1\" \/>\n<link rel=\"canonical\" href=\"https:\/\/www.marleptank.com\/en\/contact-us\/\" \/>\n<meta property=\"og:locale\" content=\"en_US\" \/>\n<meta property=\"og:type\" content=\"article\" \/>\n<meta property=\"og:title\" content=\"Contact - Marlep Tanklogistik GmbH\" \/>\n<meta property=\"og:description\" content=\"Contact us: international transportation of temperature-controlled, liquid raw materials &amp; more \u27a4 Contact us here!\" \/>\n<meta property=\"og:url\" content=\"https:\/\/www.marleptank.com\/en\/contact-us\/\" \/>\n<meta property=\"og:site_name\" content=\"Marlep Tanklogistik\" \/>\n<meta property=\"article:modified_time\" content=\"2025-01-20T14:06:17+00:00\" \/>\n<meta name=\"twitter:card\" content=\"summary_large_image\" \/>\n<meta name=\"twitter:label1\" content=\"Est. reading time\" \/>\n\t<meta name=\"twitter:data1\" content=\"3 minutes\" \/>\n<script type=\"application\/ld+json\" class=\"yoast-schema-graph\">{\"@context\":\"https:\\\/\\\/schema.org\",\"@graph\":[{\"@type\":\"WebPage\",\"@id\":\"https:\\\/\\\/www.marleptank.com\\\/en\\\/contact-us\\\/\",\"url\":\"https:\\\/\\\/www.marleptank.com\\\/en\\\/contact-us\\\/\",\"name\":\"Contact - Marlep Tanklogistik GmbH\",\"isPartOf\":{\"@id\":\"https:\\\/\\\/www.marleptank.com\\\/#website\"},\"datePublished\":\"2024-07-24T08:42:57+00:00\",\"dateModified\":\"2025-01-20T14:06:17+00:00\",\"description\":\"Contact us: international transportation of temperature-controlled, liquid raw materials & more \u27a4 Contact us here!\",\"breadcrumb\":{\"@id\":\"https:\\\/\\\/www.marleptank.com\\\/en\\\/contact-us\\\/#breadcrumb\"},\"inLanguage\":\"en-US\",\"potentialAction\":[{\"@type\":\"ReadAction\",\"target\":[\"https:\\\/\\\/www.marleptank.com\\\/en\\\/contact-us\\\/\"]}]},{\"@type\":\"BreadcrumbList\",\"@id\":\"https:\\\/\\\/www.marleptank.com\\\/en\\\/contact-us\\\/#breadcrumb\",\"itemListElement\":[{\"@type\":\"ListItem\",\"position\":1,\"name\":\"Home\",\"item\":\"https:\\\/\\\/www.marleptank.com\\\/en\\\/start\\\/\"},{\"@type\":\"ListItem\",\"position\":2,\"name\":\"Contact us\"}]},{\"@type\":\"WebSite\",\"@id\":\"https:\\\/\\\/www.marleptank.com\\\/#website\",\"url\":\"https:\\\/\\\/www.marleptank.com\\\/\",\"name\":\"Marlep Tanklogistik\",\"description\":\"\",\"potentialAction\":[{\"@type\":\"SearchAction\",\"target\":{\"@type\":\"EntryPoint\",\"urlTemplate\":\"https:\\\/\\\/www.marleptank.com\\\/?s={search_term_string}\"},\"query-input\":{\"@type\":\"PropertyValueSpecification\",\"valueRequired\":true,\"valueName\":\"search_term_string\"}}],\"inLanguage\":\"en-US\"}]}<\/script>\n<!-- \/ Yoast SEO plugin. -->","yoast_head_json":{"title":"Contact - Marlep Tanklogistik GmbH","description":"Contact us: international transportation of temperature-controlled, liquid raw materials & more \u27a4 Contact us here!","robots":{"index":"index","follow":"follow","max-snippet":"max-snippet:-1","max-image-preview":"max-image-preview:large","max-video-preview":"max-video-preview:-1"},"canonical":"https:\/\/www.marleptank.com\/en\/contact-us\/","og_locale":"en_US","og_type":"article","og_title":"Contact - Marlep Tanklogistik GmbH","og_description":"Contact us: international transportation of temperature-controlled, liquid raw materials & more \u27a4 Contact us here!","og_url":"https:\/\/www.marleptank.com\/en\/contact-us\/","og_site_name":"Marlep Tanklogistik","article_modified_time":"2025-01-20T14:06:17+00:00","twitter_card":"summary_large_image","twitter_misc":{"Est. reading time":"3 minutes"},"schema":{"@context":"https:\/\/schema.org","@graph":[{"@type":"WebPage","@id":"https:\/\/www.marleptank.com\/en\/contact-us\/","url":"https:\/\/www.marleptank.com\/en\/contact-us\/","name":"Contact - Marlep Tanklogistik GmbH","isPartOf":{"@id":"https:\/\/www.marleptank.com\/#website"},"datePublished":"2024-07-24T08:42:57+00:00","dateModified":"2025-01-20T14:06:17+00:00","description":"Contact us: international transportation of temperature-controlled, liquid raw materials & more \u27a4 Contact us here!","breadcrumb":{"@id":"https:\/\/www.marleptank.com\/en\/contact-us\/#breadcrumb"},"inLanguage":"en-US","potentialAction":[{"@type":"ReadAction","target":["https:\/\/www.marleptank.com\/en\/contact-us\/"]}]},{"@type":"BreadcrumbList","@id":"https:\/\/www.marleptank.com\/en\/contact-us\/#breadcrumb","itemListElement":[{"@type":"ListItem","position":1,"name":"Home","item":"https:\/\/www.marleptank.com\/en\/start\/"},{"@type":"ListItem","position":2,"name":"Contact us"}]},{"@type":"WebSite","@id":"https:\/\/www.marleptank.com\/#website","url":"https:\/\/www.marleptank.com\/","name":"Marlep Tanklogistik","description":"","potentialAction":[{"@type":"SearchAction","target":{"@type":"EntryPoint","urlTemplate":"https:\/\/www.marleptank.com\/?s={search_term_string}"},"query-input":{"@type":"PropertyValueSpecification","valueRequired":true,"valueName":"search_term_string"}}],"inLanguage":"en-US"}]}},"_links":{"self":[{"href":"https:\/\/www.marleptank.com\/en\/wp-json\/wp\/v2\/pages\/1436","targetHints":{"allow":["GET"]}}],"collection":[{"href":"https:\/\/www.marleptank.com\/en\/wp-json\/wp\/v2\/pages"}],"about":[{"href":"https:\/\/www.marleptank.com\/en\/wp-json\/wp\/v2\/types\/page"}],"author":[{"embeddable":true,"href":"https:\/\/www.marleptank.com\/en\/wp-json\/wp\/v2\/users\/2"}],"replies":[{"embeddable":true,"href":"https:\/\/www.marleptank.com\/en\/wp-json\/wp\/v2\/comments?post=1436"}],"version-history":[{"count":2,"href":"https:\/\/www.marleptank.com\/en\/wp-json\/wp\/v2\/pages\/1436\/revisions"}],"predecessor-version":[{"id":1443,"href":"https:\/\/www.marleptank.com\/en\/wp-json\/wp\/v2\/pages\/1436\/revisions\/1443"}],"wp:attachment":[{"href":"https:\/\/www.marleptank.com\/en\/wp-json\/wp\/v2\/media?parent=1436"}],"curies":[{"name":"wp","href":"https:\/\/api.w.org\/{rel}","templated":true}]}}